{"id":1165,"date":"2024-12-17T09:54:56","date_gmt":"2024-12-17T08:54:56","guid":{"rendered":"https:\/\/www.pushloop.io\/fale-conosco\/"},"modified":"2025-03-20T10:22:05","modified_gmt":"2025-03-20T09:22:05","slug":"fale-conosco","status":"publish","type":"page","link":"https:\/\/www.pushloop.io\/pt-br\/fale-conosco\/","title":{"rendered":"fale conosco"},"content":{"rendered":"\t\t<div data-elementor-type=\"wp-page\" data-elementor-id=\"1165\" class=\"elementor elementor-1165 elementor-28\" data-elementor-post-type=\"page\">\n\t\t\t\t<div class=\"elementor-element elementor-element-648d8d1 e-flex e-con-boxed e-con e-parent\" data-id=\"648d8d1\" data-element_type=\"container\" data-settings=\"{&quot;background_background&quot;:&quot;classic&quot;}\">\n\t\t\t\t\t<div class=\"e-con-inner\">\n\t\t\t\t<div class=\"elementor-element elementor-element-13fa101 elementor-widget elementor-widget-heading\" data-id=\"13fa101\" data-element_type=\"widget\" data-widget_type=\"heading.default\">\n\t\t\t\t<div class=\"elementor-widget-container\">\n\t\t\t<h1 class=\"elementor-heading-title elementor-size-default\">fale conosco<\/h1>\t\t<\/div>\n\t\t\t\t<\/div>\n\t\t\t\t<div class=\"elementor-element elementor-element-f534590 elementor-widget elementor-widget-heading\" data-id=\"f534590\" data-element_type=\"widget\" data-widget_type=\"heading.default\">\n\t\t\t\t<div class=\"elementor-widget-container\">\n\t\t\t<h2 class=\"elementor-heading-title elementor-size-default\">Toda grande colabora\u00e7\u00e3o come\u00e7a com um di\u00e1logo<\/h2>\t\t<\/div>\n\t\t\t\t<\/div>\n\t\t\t\t\t<\/div>\n\t\t\t\t<\/div>\n\t\t<div class=\"elementor-element elementor-element-71bc7de e-flex e-con-boxed e-con e-parent\" data-id=\"71bc7de\" data-element_type=\"container\" data-settings=\"{&quot;background_background&quot;:&quot;classic&quot;,&quot;shape_divider_top&quot;:&quot;tilt&quot;}\">\n\t\t\t\t\t<div class=\"e-con-inner\">\n\t\t\t\t<div class=\"elementor-shape elementor-shape-top\" data-negative=\"false\">\n\t\t\t<svg xmlns=\"http:\/\/www.w3.org\/2000\/svg\" viewBox=\"0 0 1000 100\" preserveAspectRatio=\"none\">\n\t<path class=\"elementor-shape-fill\" d=\"M0,6V0h1000v100L0,6z\"\/>\n<\/svg>\t\t<\/div>\n\t\t\t\t<div class=\"elementor-element elementor-element-f9e697f elementor-widget elementor-widget-heading\" data-id=\"f9e697f\" data-element_type=\"widget\" data-widget_type=\"heading.default\">\n\t\t\t\t<div class=\"elementor-widget-container\">\n\t\t\t<h3 class=\"elementor-heading-title elementor-size-default\">Preencha o formul\u00e1rio abaixo para entrar em contato com nossa equipe\n\n<\/h3>\t\t<\/div>\n\t\t\t\t<\/div>\n\t\t<div class=\"elementor-element elementor-element-f9faf2e e-con-full e-flex e-con e-child\" data-id=\"f9faf2e\" data-element_type=\"container\" data-settings=\"{&quot;background_background&quot;:&quot;classic&quot;}\">\n\t\t\t\t<div class=\"elementor-element elementor-element-76f1a36 elementor-widget__width-inherit elementor-button-align-stretch elementor-widget elementor-widget-form\" data-id=\"76f1a36\" data-element_type=\"widget\" data-settings=\"{&quot;step_next_label&quot;:&quot;Pr\\u00f3ximo&quot;,&quot;step_previous_label&quot;:&quot;Anterior&quot;,&quot;button_width&quot;:&quot;100&quot;,&quot;step_type&quot;:&quot;number_text&quot;,&quot;step_icon_shape&quot;:&quot;circle&quot;}\" data-widget_type=\"form.default\">\n\t\t\t\t<div class=\"elementor-widget-container\">\n\t\t\t\t\t<form class=\"elementor-form\" method=\"post\" name=\"Novo m\u00f3dulo\">\n\t\t\t<input type=\"hidden\" name=\"post_id\" value=\"1165\"\/>\n\t\t\t<input type=\"hidden\" name=\"form_id\" value=\"76f1a36\"\/>\n\t\t\t<input type=\"hidden\" name=\"referer_title\" value=\"fale conosco - Pushloop\" \/>\n\n\t\t\t\t\t\t\t<input type=\"hidden\" name=\"queried_id\" value=\"1165\"\/>\n\t\t\t\n\t\t\t<div class=\"elementor-form-fields-wrapper elementor-labels-above\">\n\t\t\t\t\t\t\t\t<div class=\"elementor-field-type-text elementor-field-group elementor-column elementor-field-group-name elementor-col-50 elementor-field-required\">\n\t\t\t\t\t\t\t\t\t\t\t\t<label for=\"form-field-name\" class=\"elementor-field-label\">\n\t\t\t\t\t\t\t\tNome\t\t\t\t\t\t\t<\/label>\n\t\t\t\t\t\t\t\t\t\t\t\t\t\t<input size=\"1\" type=\"text\" name=\"form_fields[name]\" id=\"form-field-name\" class=\"elementor-field elementor-size-sm  elementor-field-textual\" placeholder=\"Nome\" required=\"required\" aria-required=\"true\">\n\t\t\t\t\t\t\t\t\t\t\t<\/div>\n\t\t\t\t\t\t\t\t<div class=\"elementor-field-type-text elementor-field-group elementor-column elementor-field-group-field_lastname elementor-col-50 elementor-field-required\">\n\t\t\t\t\t\t\t\t\t\t\t\t<label for=\"form-field-field_lastname\" class=\"elementor-field-label\">\n\t\t\t\t\t\t\t\tSobrenome\t\t\t\t\t\t\t<\/label>\n\t\t\t\t\t\t\t\t\t\t\t\t\t\t<input size=\"1\" type=\"text\" name=\"form_fields[field_lastname]\" id=\"form-field-field_lastname\" class=\"elementor-field elementor-size-sm  elementor-field-textual\" placeholder=\"Sobrenome\" required=\"required\" aria-required=\"true\">\n\t\t\t\t\t\t\t\t\t\t\t<\/div>\n\t\t\t\t\t\t\t\t<div class=\"elementor-field-type-text elementor-field-group elementor-column elementor-field-group-field_company elementor-col-50 elementor-field-required\">\n\t\t\t\t\t\t\t\t\t\t\t\t<label for=\"form-field-field_company\" class=\"elementor-field-label\">\n\t\t\t\t\t\t\t\tEmpresa\t\t\t\t\t\t\t<\/label>\n\t\t\t\t\t\t\t\t\t\t\t\t\t\t<input size=\"1\" type=\"text\" name=\"form_fields[field_company]\" id=\"form-field-field_company\" class=\"elementor-field elementor-size-sm  elementor-field-textual\" placeholder=\"Minha empresa\" required=\"required\" aria-required=\"true\">\n\t\t\t\t\t\t\t\t\t\t\t<\/div>\n\t\t\t\t\t\t\t\t<div class=\"elementor-field-type-text elementor-field-group elementor-column elementor-field-group-field_7910b78 elementor-col-50\">\n\t\t\t\t\t\t\t\t\t\t\t\t<label for=\"form-field-field_7910b78\" class=\"elementor-field-label\">\n\t\t\t\t\t\t\t\tURL do site\t\t\t\t\t\t\t<\/label>\n\t\t\t\t\t\t\t\t\t\t\t\t\t\t<input size=\"1\" type=\"text\" name=\"form_fields[field_7910b78]\" id=\"form-field-field_7910b78\" class=\"elementor-field elementor-size-sm  elementor-field-textual\" placeholder=\"https:\/\/meusiteempresa.com\">\n\t\t\t\t\t\t\t\t\t\t\t<\/div>\n\t\t\t\t\t\t\t\t<div class=\"elementor-field-type-email elementor-field-group elementor-column elementor-field-group-email elementor-col-50 elementor-field-required\">\n\t\t\t\t\t\t\t\t\t\t\t\t<label for=\"form-field-email\" class=\"elementor-field-label\">\n\t\t\t\t\t\t\t\tE-mail\t\t\t\t\t\t\t<\/label>\n\t\t\t\t\t\t\t\t\t\t\t\t\t\t<input size=\"1\" type=\"email\" name=\"form_fields[email]\" id=\"form-field-email\" class=\"elementor-field elementor-size-sm  elementor-field-textual\" placeholder=\"E-mail\" required=\"required\" aria-required=\"true\">\n\t\t\t\t\t\t\t\t\t\t\t<\/div>\n\t\t\t\t\t\t\t\t<div class=\"elementor-field-type-tel elementor-field-group elementor-column elementor-field-group-field_phone elementor-col-50 elementor-field-required\">\n\t\t\t\t\t\t\t\t\t\t\t\t<label for=\"form-field-field_phone\" class=\"elementor-field-label\">\n\t\t\t\t\t\t\t\tN\u00famero de telefone\t\t\t\t\t\t\t<\/label>\n\t\t\t\t\t\t\t\t<input size=\"1\" type=\"tel\" name=\"form_fields[field_phone]\" id=\"form-field-field_phone\" class=\"elementor-field elementor-size-sm  elementor-field-textual\" placeholder=\"xxx xxxxxxxxx\" required=\"required\" aria-required=\"true\" pattern=\"[0-9()#&amp;+*-=.]+\" title=\"Apenas n\u00fameros e caracteres de telefone (#, -, *, etc.) s\u00e3o aceitos.\">\n\n\t\t\t\t\t\t<\/div>\n\t\t\t\t\t\t\t\t<div class=\"elementor-field-type-select elementor-field-group elementor-column elementor-field-group-field_60aa3ec elementor-col-100 elementor-field-required\">\n\t\t\t\t\t\t\t\t\t\t\t\t<label for=\"form-field-field_60aa3ec\" class=\"elementor-field-label\">\n\t\t\t\t\t\t\t\tAssunto: por que voc\u00ea est\u00e1 nos contatando?\t\t\t\t\t\t\t<\/label>\n\t\t\t\t\t\t\t\t<div class=\"elementor-field elementor-select-wrapper remove-before \">\n\t\t\t<div class=\"select-caret-down-wrapper\">\n\t\t\t\t<svg aria-hidden=\"true\" class=\"e-font-icon-svg e-eicon-caret-down\" viewBox=\"0 0 571.4 571.4\" xmlns=\"http:\/\/www.w3.org\/2000\/svg\"><path d=\"M571 393Q571 407 561 418L311 668Q300 679 286 679T261 668L11 418Q0 407 0 393T11 368 36 357H536Q550 357 561 368T571 393Z\"><\/path><\/svg>\t\t\t<\/div>\n\t\t\t<select name=\"form_fields[field_60aa3ec]\" id=\"form-field-field_60aa3ec\" class=\"elementor-field-textual elementor-size-sm\" required=\"required\" aria-required=\"true\">\n\t\t\t\t\t\t\t\t\t<option value=\"Tenho um e-commerce na Shopify e estou interessado em instalar o Pushloop\">Tenho um e-commerce na Shopify e estou interessado em instalar o Pushloop<\/option>\n\t\t\t\t\t\t\t\t\t<option value=\"Sou assinante e preciso de suporte\">Sou assinante e preciso de suporte<\/option>\n\t\t\t\t\t\t\t\t\t<option value=\"Estou interessado no Pushloop, mas meu e-commerce n\u00e3o est\u00e1 na Shopify\">Estou interessado no Pushloop, mas meu e-commerce n\u00e3o est\u00e1 na Shopify<\/option>\n\t\t\t\t\t\t\t\t\t<option value=\"Estou interessado em instalar o Pushloop, mesmo sem ter um e-commerce\">Estou interessado em instalar o Pushloop, mesmo sem ter um e-commerce<\/option>\n\t\t\t\t\t\t\t\t\t<option value=\"Sou um potencial parceiro e gostaria de marcar uma reuni\u00e3o para uma colabora\u00e7\u00e3o\">Sou um potencial parceiro e gostaria de marcar uma reuni\u00e3o para uma colabora\u00e7\u00e3o<\/option>\n\t\t\t\t\t\t\t\t\t<option value=\"Outro\">Outro<\/option>\n\t\t\t\t\t\t\t\t\t<option value=\"\"><\/option>\n\t\t\t\t\t\t\t<\/select>\n\t\t<\/div>\n\t\t\t\t\t\t<\/div>\n\t\t\t\t\t\t\t\t<div class=\"elementor-field-type-textarea elementor-field-group elementor-column elementor-field-group-message elementor-col-100\">\n\t\t\t\t\t\t\t\t\t\t\t\t<label for=\"form-field-message\" class=\"elementor-field-label\">\n\t\t\t\t\t\t\t\tMensagem\t\t\t\t\t\t\t<\/label>\n\t\t\t\t\t\t<textarea class=\"elementor-field-textual elementor-field  elementor-size-sm\" name=\"form_fields[message]\" id=\"form-field-message\" rows=\"4\" placeholder=\"Escreva sua mensagem aqui\"><\/textarea>\t\t\t\t<\/div>\n\t\t\t\t\t\t\t\t<div class=\"elementor-field-group elementor-column elementor-field-type-submit elementor-col-100 e-form__buttons\">\n\t\t\t\t\t<button class=\"elementor-button elementor-size-sm elementor-animation-wobble-horizontal\" type=\"submit\">\n\t\t\t\t\t\t<span class=\"elementor-button-content-wrapper\">\n\t\t\t\t\t\t\t\t\t\t\t\t\t\t\t\t\t\t\t\t\t\t<span class=\"elementor-button-text\">Enviar<\/span>\n\t\t\t\t\t\t\t\t\t\t\t\t\t<\/span>\n\t\t\t\t\t<\/button>\n\t\t\t\t<\/div>\n\t\t\t<\/div>\n\t\t<\/form>\n\t\t\t\t<\/div>\n\t\t\t\t<\/div>\n\t\t\t\t<\/div>\n\t\t\t\t\t<\/div>\n\t\t\t\t<\/div>\n\t\t\t\t<\/div>\n\t\t","protected":false},"excerpt":{"rendered":"<p>fale conosco Toda grande colabora\u00e7\u00e3o come\u00e7a com um di\u00e1logo Preencha o formul\u00e1rio abaixo para entrar em contato com nossa equipe<\/p>\n","protected":false},"author":2,"featured_media":0,"parent":0,"menu_order":0,"comment_status":"closed","ping_status":"closed","template":"","meta":{"site-sidebar-layout":"no-sidebar","site-content-layout":"","ast-site-content-layout":"full-width-container","site-content-style":"default","site-sidebar-style":"default","ast-global-header-display":"","ast-banner-title-visibility":"","ast-main-header-display":"","ast-hfb-above-header-display":"","ast-hfb-below-header-display":"","ast-hfb-mobile-header-display":"","site-post-title":"disabled","ast-breadcrumbs-content":"","ast-featured-img":"disabled","footer-sml-layout":"","theme-transparent-header-meta":"","adv-header-id-meta":"","stick-header-meta":"","header-above-stick-meta":"","header-main-stick-meta":"","header-below-stick-meta":"","astra-migrate-meta-layouts":"default","ast-page-background-enabled":"default","ast-page-background-meta":{"desktop":{"background-color":"var(--ast-global-color-4)","background-image":"","background-repeat":"repeat","background-position":"center center","background-size":"auto","background-attachment":"scroll","background-type":"","background-media":"","overlay-type":"","overlay-color":"","overlay-opacity":"","overlay-gradient":""},"tablet":{"background-color":"","background-image":"","background-repeat":"repeat","background-position":"center center","background-size":"auto","background-attachment":"scroll","background-type":"","background-media":"","overlay-type":"","overlay-color":"","overlay-opacity":"","overlay-gradient":""},"mobile":{"background-color":"","background-image":"","background-repeat":"repeat","background-position":"center center","background-size":"auto","background-attachment":"scroll","background-type":"","background-media":"","overlay-type":"","overlay-color":"","overlay-opacity":"","overlay-gradient":""}},"ast-content-background-meta":{"desktop":{"background-color":"var(--ast-global-color-5)","background-image":"","background-repeat":"repeat","background-position":"center center","background-size":"auto","background-attachment":"scroll","background-type":"","background-media":"","overlay-type":"","overlay-color":"","overlay-opacity":"","overlay-gradient":""},"tablet":{"background-color":"var(--ast-global-color-5)","background-image":"","background-repeat":"repeat","background-position":"center center","background-size":"auto","background-attachment":"scroll","background-type":"","background-media":"","overlay-type":"","overlay-color":"","overlay-opacity":"","overlay-gradient":""},"mobile":{"background-color":"var(--ast-global-color-5)","background-image":"","background-repeat":"repeat","background-position":"center center","background-size":"auto","background-attachment":"scroll","background-type":"","background-media":"","overlay-type":"","overlay-color":"","overlay-opacity":"","overlay-gradient":""}},"footnotes":""},"class_list":["post-1165","page","type-page","status-publish","hentry"],"yoast_head":"<!-- This site is optimized with the Yoast SEO plugin v24.7 - https:\/\/yoast.com\/wordpress\/plugins\/seo\/ -->\n<title>fale conosco - Pushloop<\/title>\n<meta name=\"robots\" content=\"index, follow, max-snippet:-1, max-image-preview:large, max-video-preview:-1\" \/>\n<link rel=\"canonical\" href=\"https:\/\/www.pushloop.io\/pt-br\/fale-conosco\/\" \/>\n<meta property=\"og:locale\" content=\"pt_BR\" \/>\n<meta property=\"og:type\" content=\"article\" \/>\n<meta property=\"og:title\" content=\"fale conosco - Pushloop\" \/>\n<meta property=\"og:description\" content=\"fale conosco Toda grande colabora\u00e7\u00e3o come\u00e7a com um di\u00e1logo Preencha o formul\u00e1rio abaixo para entrar em contato com nossa equipe\" \/>\n<meta property=\"og:url\" content=\"https:\/\/www.pushloop.io\/pt-br\/fale-conosco\/\" \/>\n<meta property=\"og:site_name\" content=\"Pushloop\" \/>\n<meta property=\"article:modified_time\" content=\"2025-03-20T09:22:05+00:00\" \/>\n<meta name=\"twitter:card\" content=\"summary_large_image\" \/>\n<script type=\"application\/ld+json\" class=\"yoast-schema-graph\">{\"@context\":\"https:\/\/schema.org\",\"@graph\":[{\"@type\":\"WebPage\",\"@id\":\"https:\/\/www.pushloop.io\/pt-br\/fale-conosco\/\",\"url\":\"https:\/\/www.pushloop.io\/pt-br\/fale-conosco\/\",\"name\":\"fale conosco - Pushloop\",\"isPartOf\":{\"@id\":\"https:\/\/www.pushloop.io\/#website\"},\"datePublished\":\"2024-12-17T08:54:56+00:00\",\"dateModified\":\"2025-03-20T09:22:05+00:00\",\"breadcrumb\":{\"@id\":\"https:\/\/www.pushloop.io\/pt-br\/fale-conosco\/#breadcrumb\"},\"inLanguage\":\"pt-BR\",\"potentialAction\":[{\"@type\":\"ReadAction\",\"target\":[\"https:\/\/www.pushloop.io\/pt-br\/fale-conosco\/\"]}]},{\"@type\":\"BreadcrumbList\",\"@id\":\"https:\/\/www.pushloop.io\/pt-br\/fale-conosco\/#breadcrumb\",\"itemListElement\":[{\"@type\":\"ListItem\",\"position\":1,\"name\":\"Home\",\"item\":\"https:\/\/www.pushloop.io\/pt-br\/\"},{\"@type\":\"ListItem\",\"position\":2,\"name\":\"fale conosco\"}]},{\"@type\":\"WebSite\",\"@id\":\"https:\/\/www.pushloop.io\/#website\",\"url\":\"https:\/\/www.pushloop.io\/\",\"name\":\"Pushloop\",\"description\":\"we push your profits\",\"publisher\":{\"@id\":\"https:\/\/www.pushloop.io\/#organization\"},\"potentialAction\":[{\"@type\":\"SearchAction\",\"target\":{\"@type\":\"EntryPoint\",\"urlTemplate\":\"https:\/\/www.pushloop.io\/?s={search_term_string}\"},\"query-input\":{\"@type\":\"PropertyValueSpecification\",\"valueRequired\":true,\"valueName\":\"search_term_string\"}}],\"inLanguage\":\"pt-BR\"},{\"@type\":\"Organization\",\"@id\":\"https:\/\/www.pushloop.io\/#organization\",\"name\":\"Pushloop\",\"url\":\"https:\/\/www.pushloop.io\/\",\"logo\":{\"@type\":\"ImageObject\",\"inLanguage\":\"pt-BR\",\"@id\":\"https:\/\/www.pushloop.io\/#\/schema\/logo\/image\/\",\"url\":\"https:\/\/www.pushloop.io\/wp-content\/uploads\/2024\/12\/pushloop_logo_light.png\",\"contentUrl\":\"https:\/\/www.pushloop.io\/wp-content\/uploads\/2024\/12\/pushloop_logo_light.png\",\"width\":336,\"height\":84,\"caption\":\"Pushloop\"},\"image\":{\"@id\":\"https:\/\/www.pushloop.io\/#\/schema\/logo\/image\/\"}}]}<\/script>\n<!-- \/ Yoast SEO plugin. -->","yoast_head_json":{"title":"fale conosco - Pushloop","robots":{"index":"index","follow":"follow","max-snippet":"max-snippet:-1","max-image-preview":"max-image-preview:large","max-video-preview":"max-video-preview:-1"},"canonical":"https:\/\/www.pushloop.io\/pt-br\/fale-conosco\/","og_locale":"pt_BR","og_type":"article","og_title":"fale conosco - Pushloop","og_description":"fale conosco Toda grande colabora\u00e7\u00e3o come\u00e7a com um di\u00e1logo Preencha o formul\u00e1rio abaixo para entrar em contato com nossa equipe","og_url":"https:\/\/www.pushloop.io\/pt-br\/fale-conosco\/","og_site_name":"Pushloop","article_modified_time":"2025-03-20T09:22:05+00:00","twitter_card":"summary_large_image","schema":{"@context":"https:\/\/schema.org","@graph":[{"@type":"WebPage","@id":"https:\/\/www.pushloop.io\/pt-br\/fale-conosco\/","url":"https:\/\/www.pushloop.io\/pt-br\/fale-conosco\/","name":"fale conosco - Pushloop","isPartOf":{"@id":"https:\/\/www.pushloop.io\/#website"},"datePublished":"2024-12-17T08:54:56+00:00","dateModified":"2025-03-20T09:22:05+00:00","breadcrumb":{"@id":"https:\/\/www.pushloop.io\/pt-br\/fale-conosco\/#breadcrumb"},"inLanguage":"pt-BR","potentialAction":[{"@type":"ReadAction","target":["https:\/\/www.pushloop.io\/pt-br\/fale-conosco\/"]}]},{"@type":"BreadcrumbList","@id":"https:\/\/www.pushloop.io\/pt-br\/fale-conosco\/#breadcrumb","itemListElement":[{"@type":"ListItem","position":1,"name":"Home","item":"https:\/\/www.pushloop.io\/pt-br\/"},{"@type":"ListItem","position":2,"name":"fale conosco"}]},{"@type":"WebSite","@id":"https:\/\/www.pushloop.io\/#website","url":"https:\/\/www.pushloop.io\/","name":"Pushloop","description":"we push your profits","publisher":{"@id":"https:\/\/www.pushloop.io\/#organization"},"potentialAction":[{"@type":"SearchAction","target":{"@type":"EntryPoint","urlTemplate":"https:\/\/www.pushloop.io\/?s={search_term_string}"},"query-input":{"@type":"PropertyValueSpecification","valueRequired":true,"valueName":"search_term_string"}}],"inLanguage":"pt-BR"},{"@type":"Organization","@id":"https:\/\/www.pushloop.io\/#organization","name":"Pushloop","url":"https:\/\/www.pushloop.io\/","logo":{"@type":"ImageObject","inLanguage":"pt-BR","@id":"https:\/\/www.pushloop.io\/#\/schema\/logo\/image\/","url":"https:\/\/www.pushloop.io\/wp-content\/uploads\/2024\/12\/pushloop_logo_light.png","contentUrl":"https:\/\/www.pushloop.io\/wp-content\/uploads\/2024\/12\/pushloop_logo_light.png","width":336,"height":84,"caption":"Pushloop"},"image":{"@id":"https:\/\/www.pushloop.io\/#\/schema\/logo\/image\/"}}]}},"_links":{"self":[{"href":"https:\/\/www.pushloop.io\/pt-br\/wp-json\/wp\/v2\/pages\/1165","targetHints":{"allow":["GET"]}}],"collection":[{"href":"https:\/\/www.pushloop.io\/pt-br\/wp-json\/wp\/v2\/pages"}],"about":[{"href":"https:\/\/www.pushloop.io\/pt-br\/wp-json\/wp\/v2\/types\/page"}],"author":[{"embeddable":true,"href":"https:\/\/www.pushloop.io\/pt-br\/wp-json\/wp\/v2\/users\/2"}],"replies":[{"embeddable":true,"href":"https:\/\/www.pushloop.io\/pt-br\/wp-json\/wp\/v2\/comments?post=1165"}],"version-history":[{"count":1,"href":"https:\/\/www.pushloop.io\/pt-br\/wp-json\/wp\/v2\/pages\/1165\/revisions"}],"predecessor-version":[{"id":1166,"href":"https:\/\/www.pushloop.io\/pt-br\/wp-json\/wp\/v2\/pages\/1165\/revisions\/1166"}],"wp:attachment":[{"href":"https:\/\/www.pushloop.io\/pt-br\/wp-json\/wp\/v2\/media?parent=1165"}],"curies":[{"name":"wp","href":"https:\/\/api.w.org\/{rel}","templated":true}]}}