{"id":1147,"date":"2025-01-23T09:21:59","date_gmt":"2025-01-23T08:21:59","guid":{"rendered":"https:\/\/www.pushloop.io\/termos-e-condicoes-gerais\/"},"modified":"2025-03-11T09:44:34","modified_gmt":"2025-03-11T08:44:34","slug":"termos-e-condicoes-gerais","status":"publish","type":"page","link":"https:\/\/www.pushloop.io\/pt-br\/termos-e-condicoes-gerais\/","title":{"rendered":"Termos e condi\u00e7\u00f5es gerais"},"content":{"rendered":"\n<h3 class=\"wp-block-heading\"><strong>1. Introdu\u00e7\u00e3o<\/strong><\/h3>\n\n\n\n<p>Bem-vindo ao <strong>Pushloop<\/strong> (\u201cn\u00f3s\u201d, \u201cnosso\u201d ou \u201cnos\u201d). Estes <strong>Termos e Condi\u00e7\u00f5es<\/strong> estabelecem as regras e regulamentos para o uso do nosso site e servi\u00e7os, incluindo os plugins para <strong>Shopify<\/strong> e <strong>WooCommerce<\/strong>. Ao acessar nossos servi\u00e7os, voc\u00ea <strong>concorda com estes termos<\/strong>.<\/p>\n\n\n\n<hr class=\"wp-block-separator has-alpha-channel-opacity\"\/>\n\n\n\n<h3 class=\"wp-block-heading\"><strong>2. Coleta e Uso de Dados<\/strong><\/h3>\n\n\n\n<h4 class=\"wp-block-heading\"><strong>2.1. Informa\u00e7\u00f5es que coletamos<\/strong><\/h4>\n\n\n\n<p>Coletamos os seguintes tipos de informa\u00e7\u00f5es por meio de nossos plugins para fornecer e aprimorar nossos servi\u00e7os:<\/p>\n\n\n\n<ul class=\"wp-block-list\">\n<li><strong>Dados da loja:<\/strong>\n<ul class=\"wp-block-list\">\n<li>ID da loja (<strong>store_id<\/strong>)<\/li>\n\n\n\n<li>Nome da loja (<strong>name<\/strong>)<\/li>\n\n\n\n<li>Dom\u00ednio da loja (<strong>domain<\/strong>)<\/li>\n\n\n\n<li>C\u00f3digo do pa\u00eds (<strong>country_code<\/strong>)<\/li>\n\n\n\n<li>Moeda (<strong>currency<\/strong>)<\/li>\n\n\n\n<li>Fuso hor\u00e1rio (<strong>timezone<\/strong>)<\/li>\n<\/ul>\n<\/li>\n\n\n\n<li><strong>Dados do usu\u00e1rio:<\/strong>\n<ul class=\"wp-block-list\">\n<li>Token do carrinho (<strong>cart token<\/strong>) (aplic\u00e1vel apenas para usu\u00e1rios Shopify)<\/li>\n<\/ul>\n<\/li>\n<\/ul>\n\n\n\n<p>Os dados da loja s\u00e3o exclu\u00eddos automaticamente quando nossos plugins s\u00e3o desinstalados. Os tokens do carrinho s\u00e3o removidos ap\u00f3s <strong>30 dias<\/strong> ou quando o carrinho \u00e9 esvaziado.<\/p>\n\n\n\n<h4 class=\"wp-block-heading\"><strong>2.2. Finalidade da coleta de dados<\/strong><\/h4>\n\n\n\n<p>Os dados coletados s\u00e3o utilizados para:<\/p>\n\n\n\n<ul class=\"wp-block-list\">\n<li>Fornecer as funcionalidades do plugin<\/li>\n\n\n\n<li>Personalizar a experi\u00eancia do usu\u00e1rio<\/li>\n\n\n\n<li>Enviar promo\u00e7\u00f5es e atualiza\u00e7\u00f5es<\/li>\n\n\n\n<li>Analisar o uso do plugin para melhorar seu desempenho<\/li>\n<\/ul>\n\n\n\n<hr class=\"wp-block-separator has-alpha-channel-opacity\"\/>\n\n\n\n<h3 class=\"wp-block-heading\"><strong>3. Prote\u00e7\u00e3o de Dados<\/strong><\/h3>\n\n\n\n<p>A seguran\u00e7a das suas informa\u00e7\u00f5es pessoais \u00e9 nossa prioridade. Implementamos <strong>medidas de seguran\u00e7a apropriadas<\/strong> para prevenir <strong>acesso n\u00e3o autorizado, uso indevido ou vazamento de dados<\/strong>.<\/p>\n\n\n\n<hr class=\"wp-block-separator has-alpha-channel-opacity\"\/>\n\n\n\n<h3 class=\"wp-block-heading\"><strong>4. Direitos do Usu\u00e1rio<\/strong><\/h3>\n\n\n\n<p>Como usu\u00e1rio, voc\u00ea tem os seguintes direitos em rela\u00e7\u00e3o aos seus dados pessoais:<\/p>\n\n\n\n<ul class=\"wp-block-list\">\n<li><strong>Acesso:<\/strong> Voc\u00ea pode solicitar uma c\u00f3pia dos dados que armazenamos sobre voc\u00ea.<\/li>\n\n\n\n<li><strong>Corre\u00e7\u00e3o:<\/strong> Voc\u00ea pode modificar ou corrigir informa\u00e7\u00f5es incorretas ou incompletas.<\/li>\n\n\n\n<li><strong>Exclus\u00e3o:<\/strong> Voc\u00ea pode solicitar a exclus\u00e3o dos seus dados pessoais.<\/li>\n\n\n\n<li><strong>Oposi\u00e7\u00e3o:<\/strong> Voc\u00ea pode se opor ao processamento dos seus dados.<\/li>\n<\/ul>\n\n\n\n<p>Para exercer esses direitos, entre em contato conosco pelo e-mail <strong><a>info@pushloop.io<\/a><\/strong>.<\/p>\n\n\n\n<hr class=\"wp-block-separator has-alpha-channel-opacity\"\/>\n\n\n\n<h3 class=\"wp-block-heading\"><strong>5. Compartilhamento de Dados<\/strong><\/h3>\n\n\n\n<p>Seus dados <strong>nunca s\u00e3o vendidos<\/strong> a terceiros. Eles s\u00e3o compartilhados apenas quando necess\u00e1rio para a presta\u00e7\u00e3o dos nossos servi\u00e7os ou para cumprir <strong>obriga\u00e7\u00f5es legais<\/strong>.<\/p>\n\n\n\n<hr class=\"wp-block-separator has-alpha-channel-opacity\"\/>\n\n\n\n<h3 class=\"wp-block-heading\"><strong>6. Altera\u00e7\u00f5es aos Termos<\/strong><\/h3>\n\n\n\n<p>Nos reservamos o direito de atualizar estes <strong>Termos e Condi\u00e7\u00f5es<\/strong> periodicamente. Qualquer altera\u00e7\u00e3o ser\u00e1 publicada em nosso site e, caso sejam feitas atualiza\u00e7\u00f5es significativas, os usu\u00e1rios ser\u00e3o notificados.<\/p>\n\n\n\n<hr class=\"wp-block-separator has-alpha-channel-opacity\"\/>\n\n\n\n<h3 class=\"wp-block-heading\"><strong>7. Contato<\/strong><\/h3>\n\n\n\n<p>Se voc\u00ea tiver d\u00favidas ou preocupa\u00e7\u00f5es sobre estes Termos e Condi\u00e7\u00f5es, entre em contato conosco por meio de:<\/p>\n\n\n\n<ul class=\"wp-block-list\">\n<li><strong>E-mail:<\/strong> <a>info@pushloop.io<\/a><\/li>\n<\/ul>\n","protected":false},"excerpt":{"rendered":"<p>1. Introdu\u00e7\u00e3o Bem-vindo ao Pushloop (\u201cn\u00f3s\u201d, \u201cnosso\u201d ou \u201cnos\u201d). Estes Termos e Condi\u00e7\u00f5es estabelecem as regras e regulamentos para o [&hellip;]<\/p>\n","protected":false},"author":2,"featured_media":0,"parent":0,"menu_order":2,"comment_status":"closed","ping_status":"closed","template":"","meta":{"site-sidebar-layout":"default","site-content-layout":"","ast-site-content-layout":"","site-content-style":"default","site-sidebar-style":"default","ast-global-header-display":"","ast-banner-title-visibility":"","ast-main-header-display":"","ast-hfb-above-header-display":"","ast-hfb-below-header-display":"","ast-hfb-mobile-header-display":"","site-post-title":"","ast-breadcrumbs-content":"","ast-featured-img":"","footer-sml-layout":"","theme-transparent-header-meta":"","adv-header-id-meta":"","stick-header-meta":"","header-above-stick-meta":"","header-main-stick-meta":"","header-below-stick-meta":"","astra-migrate-meta-layouts":"default","ast-page-background-enabled":"default","ast-page-background-meta":{"desktop":{"background-color":"var(--ast-global-color-4)","background-image":"","background-repeat":"repeat","background-position":"center center","background-size":"auto","background-attachment":"scroll","background-type":"","background-media":"","overlay-type":"","overlay-color":"","overlay-opacity":"","overlay-gradient":""},"tablet":{"background-color":"","background-image":"","background-repeat":"repeat","background-position":"center center","background-size":"auto","background-attachment":"scroll","background-type":"","background-media":"","overlay-type":"","overlay-color":"","overlay-opacity":"","overlay-gradient":""},"mobile":{"background-color":"","background-image":"","background-repeat":"repeat","background-position":"center center","background-size":"auto","background-attachment":"scroll","background-type":"","background-media":"","overlay-type":"","overlay-color":"","overlay-opacity":"","overlay-gradient":""}},"ast-content-background-meta":{"desktop":{"background-color":"var(--ast-global-color-5)","background-image":"","background-repeat":"repeat","background-position":"center center","background-size":"auto","background-attachment":"scroll","background-type":"","background-media":"","overlay-type":"","overlay-color":"","overlay-opacity":"","overlay-gradient":""},"tablet":{"background-color":"var(--ast-global-color-5)","background-image":"","background-repeat":"repeat","background-position":"center center","background-size":"auto","background-attachment":"scroll","background-type":"","background-media":"","overlay-type":"","overlay-color":"","overlay-opacity":"","overlay-gradient":""},"mobile":{"background-color":"var(--ast-global-color-5)","background-image":"","background-repeat":"repeat","background-position":"center center","background-size":"auto","background-attachment":"scroll","background-type":"","background-media":"","overlay-type":"","overlay-color":"","overlay-opacity":"","overlay-gradient":""}},"footnotes":""},"class_list":["post-1147","page","type-page","status-publish","hentry"],"yoast_head":"<!-- This site is optimized with the Yoast SEO plugin v24.7 - https:\/\/yoast.com\/wordpress\/plugins\/seo\/ -->\n<title>Termos e condi\u00e7\u00f5es gerais - Pushloop<\/title>\n<meta name=\"robots\" content=\"index, follow, max-snippet:-1, max-image-preview:large, max-video-preview:-1\" \/>\n<link rel=\"canonical\" href=\"https:\/\/www.pushloop.io\/terms-conditions\/\" \/>\n<meta property=\"og:locale\" content=\"pt_BR\" \/>\n<meta property=\"og:type\" content=\"article\" \/>\n<meta property=\"og:title\" content=\"Termos e condi\u00e7\u00f5es gerais - Pushloop\" \/>\n<meta property=\"og:description\" content=\"1. Introdu\u00e7\u00e3o Bem-vindo ao Pushloop (\u201cn\u00f3s\u201d, \u201cnosso\u201d ou \u201cnos\u201d). Estes Termos e Condi\u00e7\u00f5es estabelecem as regras e regulamentos para o [&hellip;]\" \/>\n<meta property=\"og:url\" content=\"https:\/\/www.pushloop.io\/terms-conditions\/\" \/>\n<meta property=\"og:site_name\" content=\"Pushloop\" \/>\n<meta property=\"article:modified_time\" content=\"2025-03-11T08:44:34+00:00\" \/>\n<meta name=\"twitter:card\" content=\"summary_large_image\" \/>\n<meta name=\"twitter:label1\" content=\"Est. tempo de leitura\" \/>\n\t<meta name=\"twitter:data1\" content=\"2 minutos\" \/>\n<script type=\"application\/ld+json\" class=\"yoast-schema-graph\">{\"@context\":\"https:\/\/schema.org\",\"@graph\":[{\"@type\":\"WebPage\",\"@id\":\"https:\/\/www.pushloop.io\/terms-conditions\/\",\"url\":\"https:\/\/www.pushloop.io\/terms-conditions\/\",\"name\":\"Termos e condi\u00e7\u00f5es gerais - Pushloop\",\"isPartOf\":{\"@id\":\"https:\/\/www.pushloop.io\/#website\"},\"datePublished\":\"2025-01-23T08:21:59+00:00\",\"dateModified\":\"2025-03-11T08:44:34+00:00\",\"breadcrumb\":{\"@id\":\"https:\/\/www.pushloop.io\/terms-conditions\/#breadcrumb\"},\"inLanguage\":\"pt-BR\",\"potentialAction\":[{\"@type\":\"ReadAction\",\"target\":[\"https:\/\/www.pushloop.io\/terms-conditions\/\"]}]},{\"@type\":\"BreadcrumbList\",\"@id\":\"https:\/\/www.pushloop.io\/terms-conditions\/#breadcrumb\",\"itemListElement\":[{\"@type\":\"ListItem\",\"position\":1,\"name\":\"Home\",\"item\":\"https:\/\/www.pushloop.io\/pt-br\/\"},{\"@type\":\"ListItem\",\"position\":2,\"name\":\"Termos e condi\u00e7\u00f5es gerais\"}]},{\"@type\":\"WebSite\",\"@id\":\"https:\/\/www.pushloop.io\/#website\",\"url\":\"https:\/\/www.pushloop.io\/\",\"name\":\"Pushloop\",\"description\":\"we push your profits\",\"publisher\":{\"@id\":\"https:\/\/www.pushloop.io\/#organization\"},\"potentialAction\":[{\"@type\":\"SearchAction\",\"target\":{\"@type\":\"EntryPoint\",\"urlTemplate\":\"https:\/\/www.pushloop.io\/?s={search_term_string}\"},\"query-input\":{\"@type\":\"PropertyValueSpecification\",\"valueRequired\":true,\"valueName\":\"search_term_string\"}}],\"inLanguage\":\"pt-BR\"},{\"@type\":\"Organization\",\"@id\":\"https:\/\/www.pushloop.io\/#organization\",\"name\":\"Pushloop\",\"url\":\"https:\/\/www.pushloop.io\/\",\"logo\":{\"@type\":\"ImageObject\",\"inLanguage\":\"pt-BR\",\"@id\":\"https:\/\/www.pushloop.io\/#\/schema\/logo\/image\/\",\"url\":\"https:\/\/www.pushloop.io\/wp-content\/uploads\/2024\/12\/pushloop_logo_light.png\",\"contentUrl\":\"https:\/\/www.pushloop.io\/wp-content\/uploads\/2024\/12\/pushloop_logo_light.png\",\"width\":336,\"height\":84,\"caption\":\"Pushloop\"},\"image\":{\"@id\":\"https:\/\/www.pushloop.io\/#\/schema\/logo\/image\/\"}}]}<\/script>\n<!-- \/ Yoast SEO plugin. -->","yoast_head_json":{"title":"Termos e condi\u00e7\u00f5es gerais - Pushloop","robots":{"index":"index","follow":"follow","max-snippet":"max-snippet:-1","max-image-preview":"max-image-preview:large","max-video-preview":"max-video-preview:-1"},"canonical":"https:\/\/www.pushloop.io\/terms-conditions\/","og_locale":"pt_BR","og_type":"article","og_title":"Termos e condi\u00e7\u00f5es gerais - Pushloop","og_description":"1. Introdu\u00e7\u00e3o Bem-vindo ao Pushloop (\u201cn\u00f3s\u201d, \u201cnosso\u201d ou \u201cnos\u201d). Estes Termos e Condi\u00e7\u00f5es estabelecem as regras e regulamentos para o [&hellip;]","og_url":"https:\/\/www.pushloop.io\/terms-conditions\/","og_site_name":"Pushloop","article_modified_time":"2025-03-11T08:44:34+00:00","twitter_card":"summary_large_image","twitter_misc":{"Est. tempo de leitura":"2 minutos"},"schema":{"@context":"https:\/\/schema.org","@graph":[{"@type":"WebPage","@id":"https:\/\/www.pushloop.io\/terms-conditions\/","url":"https:\/\/www.pushloop.io\/terms-conditions\/","name":"Termos e condi\u00e7\u00f5es gerais - Pushloop","isPartOf":{"@id":"https:\/\/www.pushloop.io\/#website"},"datePublished":"2025-01-23T08:21:59+00:00","dateModified":"2025-03-11T08:44:34+00:00","breadcrumb":{"@id":"https:\/\/www.pushloop.io\/terms-conditions\/#breadcrumb"},"inLanguage":"pt-BR","potentialAction":[{"@type":"ReadAction","target":["https:\/\/www.pushloop.io\/terms-conditions\/"]}]},{"@type":"BreadcrumbList","@id":"https:\/\/www.pushloop.io\/terms-conditions\/#breadcrumb","itemListElement":[{"@type":"ListItem","position":1,"name":"Home","item":"https:\/\/www.pushloop.io\/pt-br\/"},{"@type":"ListItem","position":2,"name":"Termos e condi\u00e7\u00f5es gerais"}]},{"@type":"WebSite","@id":"https:\/\/www.pushloop.io\/#website","url":"https:\/\/www.pushloop.io\/","name":"Pushloop","description":"we push your profits","publisher":{"@id":"https:\/\/www.pushloop.io\/#organization"},"potentialAction":[{"@type":"SearchAction","target":{"@type":"EntryPoint","urlTemplate":"https:\/\/www.pushloop.io\/?s={search_term_string}"},"query-input":{"@type":"PropertyValueSpecification","valueRequired":true,"valueName":"search_term_string"}}],"inLanguage":"pt-BR"},{"@type":"Organization","@id":"https:\/\/www.pushloop.io\/#organization","name":"Pushloop","url":"https:\/\/www.pushloop.io\/","logo":{"@type":"ImageObject","inLanguage":"pt-BR","@id":"https:\/\/www.pushloop.io\/#\/schema\/logo\/image\/","url":"https:\/\/www.pushloop.io\/wp-content\/uploads\/2024\/12\/pushloop_logo_light.png","contentUrl":"https:\/\/www.pushloop.io\/wp-content\/uploads\/2024\/12\/pushloop_logo_light.png","width":336,"height":84,"caption":"Pushloop"},"image":{"@id":"https:\/\/www.pushloop.io\/#\/schema\/logo\/image\/"}}]}},"_links":{"self":[{"href":"https:\/\/www.pushloop.io\/pt-br\/wp-json\/wp\/v2\/pages\/1147","targetHints":{"allow":["GET"]}}],"collection":[{"href":"https:\/\/www.pushloop.io\/pt-br\/wp-json\/wp\/v2\/pages"}],"about":[{"href":"https:\/\/www.pushloop.io\/pt-br\/wp-json\/wp\/v2\/types\/page"}],"author":[{"embeddable":true,"href":"https:\/\/www.pushloop.io\/pt-br\/wp-json\/wp\/v2\/users\/2"}],"replies":[{"embeddable":true,"href":"https:\/\/www.pushloop.io\/pt-br\/wp-json\/wp\/v2\/comments?post=1147"}],"version-history":[{"count":2,"href":"https:\/\/www.pushloop.io\/pt-br\/wp-json\/wp\/v2\/pages\/1147\/revisions"}],"predecessor-version":[{"id":1152,"href":"https:\/\/www.pushloop.io\/pt-br\/wp-json\/wp\/v2\/pages\/1147\/revisions\/1152"}],"wp:attachment":[{"href":"https:\/\/www.pushloop.io\/pt-br\/wp-json\/wp\/v2\/media?parent=1147"}],"curies":[{"name":"wp","href":"https:\/\/api.w.org\/{rel}","templated":true}]}}